{"id":2,"date":"2010-11-28T13:02:41","date_gmt":"2010-11-28T13:02:41","guid":{"rendered":"http:\/\/anem.name\/blog\/?page_id=2"},"modified":"2016-05-31T12:56:16","modified_gmt":"2016-05-31T11:56:16","slug":"a-propos","status":"publish","type":"page","link":"https:\/\/anem.name\/blog\/a-propos\/","title":{"rendered":"Bonus"},"content":{"rendered":"<p>Tous droits r\u00e9serv\u00e9s Anne-\u00c9milie Philippe.<\/p>\n<p>Mon site <a href=\"http:\/\/www.anem.name\">www.anem.name<\/a><\/p>\n","protected":false},"excerpt":{"rendered":"<p>Tous droits r\u00e9serv\u00e9s Anne-\u00c9milie Philippe. Mon site www.anem.name<\/p>\n","protected":false},"author":1,"featured_media":0,"parent":0,"menu_order":0,"comment_status":"open","ping_status":"open","template":"","meta":{"jetpack_post_was_ever_published":false,"footnotes":""},"class_list":["post-2","page","type-page","status-publish","hentry"],"yoast_head":"<!-- This site is optimized with the Yoast SEO plugin v27.1.1 - https:\/\/yoast.com\/product\/yoast-seo-wordpress\/ -->\n<title>Bonus &#8211; One more thing<\/title>\n<meta name=\"robots\" content=\"index, follow, max-snippet:-1, max-image-preview:large, max-video-preview:-1\" \/>\n<link rel=\"canonical\" href=\"https:\/\/anem.name\/blog\/a-propos\/\" \/>\n<meta property=\"og:locale\" content=\"fr_FR\" \/>\n<meta property=\"og:type\" content=\"article\" \/>\n<meta property=\"og:title\" content=\"Bonus &#8211; One more thing\" \/>\n<meta property=\"og:description\" content=\"Tous droits r\u00e9serv\u00e9s Anne-\u00c9milie Philippe. Mon site www.anem.name\" \/>\n<meta property=\"og:url\" content=\"https:\/\/anem.name\/blog\/a-propos\/\" \/>\n<meta property=\"og:site_name\" content=\"One more thing\" \/>\n<meta property=\"article:publisher\" content=\"https:\/\/www.facebook.com\/anneemilie.philippe\" \/>\n<meta property=\"article:modified_time\" content=\"2016-05-31T11:56:16+00:00\" \/>\n<meta name=\"twitter:card\" content=\"summary_large_image\" \/>\n<meta name=\"twitter:site\" content=\"@isitbook\" \/>\n<script type=\"application\/ld+json\" class=\"yoast-schema-graph\">{\"@context\":\"https:\/\/schema.org\",\"@graph\":[{\"@type\":\"WebPage\",\"@id\":\"https:\/\/anem.name\/blog\/a-propos\/\",\"url\":\"https:\/\/anem.name\/blog\/a-propos\/\",\"name\":\"Bonus &#8211; One more thing\",\"isPartOf\":{\"@id\":\"https:\/\/anem.name\/blog\/#website\"},\"datePublished\":\"2010-11-28T13:02:41+00:00\",\"dateModified\":\"2016-05-31T11:56:16+00:00\",\"breadcrumb\":{\"@id\":\"https:\/\/anem.name\/blog\/a-propos\/#breadcrumb\"},\"inLanguage\":\"fr-FR\",\"potentialAction\":[{\"@type\":\"ReadAction\",\"target\":[\"https:\/\/anem.name\/blog\/a-propos\/\"]}]},{\"@type\":\"BreadcrumbList\",\"@id\":\"https:\/\/anem.name\/blog\/a-propos\/#breadcrumb\",\"itemListElement\":[{\"@type\":\"ListItem\",\"position\":1,\"name\":\"Accueil\",\"item\":\"https:\/\/anem.name\/blog\/\"},{\"@type\":\"ListItem\",\"position\":2,\"name\":\"Bonus\"}]},{\"@type\":\"WebSite\",\"@id\":\"https:\/\/anem.name\/blog\/#website\",\"url\":\"https:\/\/anem.name\/blog\/\",\"name\":\"One more thing\",\"description\":\"Anne-\u00c9milie Philippe\",\"potentialAction\":[{\"@type\":\"SearchAction\",\"target\":{\"@type\":\"EntryPoint\",\"urlTemplate\":\"https:\/\/anem.name\/blog\/?s={search_term_string}\"},\"query-input\":{\"@type\":\"PropertyValueSpecification\",\"valueRequired\":true,\"valueName\":\"search_term_string\"}}],\"inLanguage\":\"fr-FR\"}]}<\/script>\n<!-- \/ Yoast SEO plugin. -->","yoast_head_json":{"title":"Bonus &#8211; One more thing","robots":{"index":"index","follow":"follow","max-snippet":"max-snippet:-1","max-image-preview":"max-image-preview:large","max-video-preview":"max-video-preview:-1"},"canonical":"https:\/\/anem.name\/blog\/a-propos\/","og_locale":"fr_FR","og_type":"article","og_title":"Bonus &#8211; One more thing","og_description":"Tous droits r\u00e9serv\u00e9s Anne-\u00c9milie Philippe. Mon site www.anem.name","og_url":"https:\/\/anem.name\/blog\/a-propos\/","og_site_name":"One more thing","article_publisher":"https:\/\/www.facebook.com\/anneemilie.philippe","article_modified_time":"2016-05-31T11:56:16+00:00","twitter_card":"summary_large_image","twitter_site":"@isitbook","schema":{"@context":"https:\/\/schema.org","@graph":[{"@type":"WebPage","@id":"https:\/\/anem.name\/blog\/a-propos\/","url":"https:\/\/anem.name\/blog\/a-propos\/","name":"Bonus &#8211; One more thing","isPartOf":{"@id":"https:\/\/anem.name\/blog\/#website"},"datePublished":"2010-11-28T13:02:41+00:00","dateModified":"2016-05-31T11:56:16+00:00","breadcrumb":{"@id":"https:\/\/anem.name\/blog\/a-propos\/#breadcrumb"},"inLanguage":"fr-FR","potentialAction":[{"@type":"ReadAction","target":["https:\/\/anem.name\/blog\/a-propos\/"]}]},{"@type":"BreadcrumbList","@id":"https:\/\/anem.name\/blog\/a-propos\/#breadcrumb","itemListElement":[{"@type":"ListItem","position":1,"name":"Accueil","item":"https:\/\/anem.name\/blog\/"},{"@type":"ListItem","position":2,"name":"Bonus"}]},{"@type":"WebSite","@id":"https:\/\/anem.name\/blog\/#website","url":"https:\/\/anem.name\/blog\/","name":"One more thing","description":"Anne-\u00c9milie Philippe","potentialAction":[{"@type":"SearchAction","target":{"@type":"EntryPoint","urlTemplate":"https:\/\/anem.name\/blog\/?s={search_term_string}"},"query-input":{"@type":"PropertyValueSpecification","valueRequired":true,"valueName":"search_term_string"}}],"inLanguage":"fr-FR"}]}},"jetpack_sharing_enabled":true,"jetpack_shortlink":"https:\/\/wp.me\/P7ZvL5-2","jetpack-related-posts":[],"_links":{"self":[{"href":"https:\/\/anem.name\/blog\/wp-json\/wp\/v2\/pages\/2","targetHints":{"allow":["GET"]}}],"collection":[{"href":"https:\/\/anem.name\/blog\/wp-json\/wp\/v2\/pages"}],"about":[{"href":"https:\/\/anem.name\/blog\/wp-json\/wp\/v2\/types\/page"}],"author":[{"embeddable":true,"href":"https:\/\/anem.name\/blog\/wp-json\/wp\/v2\/users\/1"}],"replies":[{"embeddable":true,"href":"https:\/\/anem.name\/blog\/wp-json\/wp\/v2\/comments?post=2"}],"version-history":[{"count":12,"href":"https:\/\/anem.name\/blog\/wp-json\/wp\/v2\/pages\/2\/revisions"}],"predecessor-version":[{"id":518,"href":"https:\/\/anem.name\/blog\/wp-json\/wp\/v2\/pages\/2\/revisions\/518"}],"wp:attachment":[{"href":"https:\/\/anem.name\/blog\/wp-json\/wp\/v2\/media?parent=2"}],"curies":[{"name":"wp","href":"https:\/\/api.w.org\/{rel}","templated":true}]}}